{"id":118,"date":"2023-01-13T15:20:02","date_gmt":"2023-01-13T14:20:02","guid":{"rendered":"http:\/\/iivkft.hu\/new\/?page_id=118"},"modified":"2023-01-13T15:20:03","modified_gmt":"2023-01-13T14:20:03","slug":"udvozoljuk-oldalunkon","status":"publish","type":"page","link":"http:\/\/iivkft.hu\/new\/","title":{"rendered":"\u00dcDV\u00d6Z\u00d6LJ\u00dcK OLDALUNKON!"},"content":{"rendered":"\n<p>Az I.I.V. F\u00e9mipari Kft.&nbsp;&nbsp; 2008 tel\u00e9n alakult az Ily\u00e9s L\u00e1szl\u00f3 egy\u00e9ni v\u00e1llalkoz\u00e1sb\u00f3l. El\u0151d\u00fcnk az egy\u00e9niv\u00e1llalkoz\u00e1s f\u0151 profiljak\u00e9nt a&nbsp; k\u00f6rnyez\u0151 nagy v\u00e1llalatok \u00fczemszer\u0171 karbantart\u00e1s\u00e1t v\u00e9gezte. Ezen c\u00e9gek k\u00f6z\u00e9 tartozott a szolnoki cukorgy\u00e1r, -pap\u00edrgy\u00e1r, a Martf\u0171i s\u00f6rgy\u00e1r, Mars Csongr\u00e1dbokros.<\/p>\n\n\n\n<p>Ezen a tapasztalatokb\u00f3l \u00e9p\u00edtkezve jelenleg a Kft.-nk 1000 m<sup>2<\/sup>-en lakatos, hegeszt\u0151 kivitelez\u00e9ssel, forg\u00e1csol\u00e1ssal, m\u00e9rn\u00f6ki szolg\u00e1ltat\u00e1sokkal foglalkozik.<\/p>\n\n\n\n<p>Lakatos tev\u00e9kenys\u00e9g:<\/p>\n\n\n\n<ul class=\"wp-block-list\">\n<li>kis \u00e9s k\u00f6z\u00e9pm\u00e9ret\u0171 szerkezetek gy\u00e1rtsa,<\/li>\n\n\n\n<li>ipari cs\u0151vezet\u00e9k szerel\u00e9s,<\/li>\n\n\n\n<li>technol\u00f3giai szerel\u00e9s,<\/li>\n\n\n\n<li>karbantart\u00e1s<\/li>\n\n\n\n<li>stancszersz\u00e1m gy\u00e1rt\u00e1s.<\/li>\n<\/ul>\n\n\n\n<p>Hegeszt\u0151 tev\u00e9kenys\u00e9g:<\/p>\n\n\n\n<ul class=\"wp-block-list\">\n<li>Sz\u00e9nac\u00e9l-, rozsdamentes-, alum\u00ednium szerkezetek hegeszt\u00e9se,<\/li>\n\n\n\n<li>felrak\u00f3- jav\u00edt\u00f3hegeszt\u00e9sek.<\/li>\n<\/ul>\n\n\n\n<p>M\u00e9rn\u00f6ki tev\u00e9kenys\u00e9g:<\/p>\n\n\n\n<ul class=\"wp-block-list\">\n<li>kisg\u00e9p tervez\u00e9s,<\/li>\n\n\n\n<li>reverse engenering,<\/li>\n\n\n\n<li>3d-s tervek k\u00e9sz\u00edt\u00e9se,<\/li>\n\n\n\n<li>hegeszt\u0151m\u00e9rn\u00f6ki szolg\u00e1ltat\u00e1sok.<\/li>\n<\/ul>\n","protected":false},"excerpt":{"rendered":"<p>Az I.I.V. F\u00e9mipari Kft.&nbsp;&nbsp; 2008 tel\u00e9n alakult az Ily\u00e9s L\u00e1szl\u00f3 egy\u00e9ni v\u00e1llalkoz\u00e1sb\u00f3l. El\u0151d\u00fcnk az egy\u00e9niv\u00e1llalkoz\u00e1s f\u0151 profiljak\u00e9nt a&nbsp; k\u00f6rnyez\u0151 nagy v\u00e1llalatok \u00fczemszer\u0171 karbantart\u00e1s\u00e1t v\u00e9gezte. Ezen&hellip;<\/p>\n","protected":false},"author":1,"featured_media":0,"parent":0,"menu_order":0,"comment_status":"closed","ping_status":"closed","template":"","meta":{"footnotes":""},"class_list":["post-118","page","type-page","status-publish","hentry"],"_links":{"self":[{"href":"http:\/\/iivkft.hu\/new\/wp-json\/wp\/v2\/pages\/118","targetHints":{"allow":["GET"]}}],"collection":[{"href":"http:\/\/iivkft.hu\/new\/wp-json\/wp\/v2\/pages"}],"about":[{"href":"http:\/\/iivkft.hu\/new\/wp-json\/wp\/v2\/types\/page"}],"author":[{"embeddable":true,"href":"http:\/\/iivkft.hu\/new\/wp-json\/wp\/v2\/users\/1"}],"replies":[{"embeddable":true,"href":"http:\/\/iivkft.hu\/new\/wp-json\/wp\/v2\/comments?post=118"}],"version-history":[{"count":1,"href":"http:\/\/iivkft.hu\/new\/wp-json\/wp\/v2\/pages\/118\/revisions"}],"predecessor-version":[{"id":119,"href":"http:\/\/iivkft.hu\/new\/wp-json\/wp\/v2\/pages\/118\/revisions\/119"}],"wp:attachment":[{"href":"http:\/\/iivkft.hu\/new\/wp-json\/wp\/v2\/media?parent=118"}],"curies":[{"name":"wp","href":"https:\/\/api.w.org\/{rel}","templated":true}]}}