{"id":134,"date":"2023-01-14T16:03:55","date_gmt":"2023-01-14T15:03:55","guid":{"rendered":"http:\/\/iivkft.hu\/new\/udvozoljuk-oldalunkon-english\/"},"modified":"2023-01-16T12:26:40","modified_gmt":"2023-01-16T11:26:40","slug":"udvozoljuk-oldalunkon-english","status":"publish","type":"page","link":"http:\/\/iivkft.hu\/new\/en\/udvozoljuk-oldalunkon-english\/","title":{"rendered":"WELCOME TO OUR SITE!"},"content":{"rendered":"\n<p>The I.I.V. F\u00e9mipari Kft. Was founded in the winter of 2008 by L\u00e1szl\u00f3 Ily\u00e9s self-employed.<\/p>\n\n\n\n<p>Our predecessor, as the main profile of the sole proprietorship, carried out the routine maintenance of large environmental companies. These companies include a sugar factory, &nbsp;paper factory in Szolnok,&nbsp; Martf\u0171 brewery, and Mars Csongr\u00e1dbokros.<\/p>\n\n\n\n<p>Based on our experience, this company use a 1000 m2 workshop, where we&nbsp; deals with welding, machining and engineering services.<\/p>\n\n\n\n<p><strong>Fabricator activity:<\/strong><\/p>\n\n\n\n<p>make small and medium-sized structures,<\/p>\n\n\n\n<p>industrial pipeline installation,<\/p>\n\n\n\n<p>technological assembly,<\/p>\n\n\n\n<p>maintenance,<\/p>\n\n\n\n<p>die cutting tool manufacture.<\/p>\n\n\n\n<p>Welding activity:<\/p>\n\n\n\n<p>welding of carbon steel, stainless steel, aluminum structures,<\/p>\n\n\n\n<p>loading and repair welding.<\/p>\n\n\n\n<p><strong>Engineering:<\/strong><\/p>\n\n\n\n<p>small machine design,<\/p>\n\n\n\n<p>reverse generation,<\/p>\n\n\n\n<p>make 3D plans,<\/p>\n\n\n\n<p>welding engineering services.<\/p>\n","protected":false},"excerpt":{"rendered":"<p>The I.I.V. F\u00e9mipari Kft. Was founded in the winter of 2008 by L\u00e1szl\u00f3 Ily\u00e9s self-employed. Our predecessor, as the main profile of the sole proprietorship,&hellip;<\/p>\n","protected":false},"author":1,"featured_media":0,"parent":0,"menu_order":0,"comment_status":"closed","ping_status":"closed","template":"","meta":{"footnotes":""},"class_list":["post-134","page","type-page","status-publish","hentry"],"_links":{"self":[{"href":"http:\/\/iivkft.hu\/new\/wp-json\/wp\/v2\/pages\/134","targetHints":{"allow":["GET"]}}],"collection":[{"href":"http:\/\/iivkft.hu\/new\/wp-json\/wp\/v2\/pages"}],"about":[{"href":"http:\/\/iivkft.hu\/new\/wp-json\/wp\/v2\/types\/page"}],"author":[{"embeddable":true,"href":"http:\/\/iivkft.hu\/new\/wp-json\/wp\/v2\/users\/1"}],"replies":[{"embeddable":true,"href":"http:\/\/iivkft.hu\/new\/wp-json\/wp\/v2\/comments?post=134"}],"version-history":[{"count":2,"href":"http:\/\/iivkft.hu\/new\/wp-json\/wp\/v2\/pages\/134\/revisions"}],"predecessor-version":[{"id":145,"href":"http:\/\/iivkft.hu\/new\/wp-json\/wp\/v2\/pages\/134\/revisions\/145"}],"wp:attachment":[{"href":"http:\/\/iivkft.hu\/new\/wp-json\/wp\/v2\/media?parent=134"}],"curies":[{"name":"wp","href":"https:\/\/api.w.org\/{rel}","templated":true}]}}